{"id":28,"date":"2018-08-08T11:30:05","date_gmt":"2018-08-08T11:30:05","guid":{"rendered":"https:\/\/themify.me\/demo\/themes\/ultra-education\/?page_id=34"},"modified":"2022-03-18T13:47:48","modified_gmt":"2022-03-18T12:47:48","slug":"contact","status":"publish","type":"page","link":"https:\/\/www.labriquerose.com\/elbr\/contact\/","title":{"rendered":"Contact"},"content":{"rendered":"<!--themify_builder_content-->\n<div id=\"themify_builder_content-28\" data-postid=\"28\" class=\"themify_builder_content themify_builder_content-28 themify_builder tf_clear\">\n                    <div  data-css_id=\"j9br816\" data-lazy=\"1\" class=\"module_row themify_builder_row fullwidth tb_j9br816 tb_first tf_w\">\n                        <div class=\"row_inner gutter-none col_align_top tb_col_count_2 tf_box tf_rel\">\n                        <div  data-lazy=\"1\" class=\"module_column tb-column col4-2 tb_z1zo836 first\">\n                    <!-- module text -->\n<div  class=\"module module-text tb_4ur5837  repeat \" data-lazy=\"1\">\n        <div  class=\"tb_text_wrap\">\n        <h3>Nous contacter<\/h3>    <\/div>\n<\/div>\n<!-- \/module text --><!-- module text -->\n<div  class=\"module module-text tb_1ig1526   \" data-lazy=\"1\">\n        <div  class=\"tb_text_wrap\">\n        <div class=\"module module-text tb_cbefbb6 repeat\">\n<div class=\"tb_text_wrap\">\n<h4 id=\"tw-target-text\" class=\"tw-data-text tw-ta tw-text-small\" dir=\"ltr\" data-placeholder=\"Traduction\"><span lang=\"fr\" tabindex=\"0\">Un renseignement ? Une demande de financement ? C<\/span><span lang=\"fr\" tabindex=\"0\">ontactez-nous maintenant !<\/span><\/h4>\n<p class=\"tw-data-text tw-ta tw-text-small\" dir=\"ltr\" data-placeholder=\"Traduction\">Vous avez besoin d\u2019aide pour vous inscrire \u00e0 notre elearning\u00a0 ou d\u2019informations compl\u00e9mentaires sur le financement de la formation ? N\u2019h\u00e9sitez pas \u00e0 nous contacter, nous sommes \u00e0 votre disposition pour vous accompagner dans vos d\u00e9marches.<\/p>\n<\/div>\n<\/div>\n<div class=\"module module-text tb_a0f2985 repeat\">\n<div class=\"tb_text_wrap\">\n<p>Remplissez le formulaire nous nous engageons \u00e0 vous r\u00e9pondre dans les plus brefs d\u00e9lais.<\/p>\n<\/div>\n<\/div>    <\/div>\n<\/div>\n<!-- \/module text -->        <div  data-lazy=\"1\" class=\"module_subrow themify_builder_sub_row tf_w col_align_top tb_col_count_1 tb_a7uo842\">\n                <div  data-lazy=\"1\" class=\"module_column sub_column col-full tb_04zz843 first\">\n                    <!-- module icon -->\n<div  class=\"module module-icon tb_jajl845  normal circle icon_horizontal \" data-lazy=\"1\">\n\t\t\t<div class=\"module-icon-item\">\n\t\t\t\t\t\t\t<a href=\"mailto:ihello@labriquerose.com\">\n\t\t\t\t\t\t\t\t\t\t\t\t\t\t\t\t\t<em class=\"tf_box\"\n\t\t\t\t\t\t\t\t\t\t\t\t\t\t\t\t\t><svg  class=\"tf_fa tf-far-envelope\" aria-hidden=\"true\"><use href=\"#tf-far-envelope\"><\/use><\/svg><\/em>\n\t\t\t\t\t\t\t\t\t\t\t\t\t\t\t\t\t\t\t<span>hello@labriquerose.com<\/span>\n\t\t\t\t\t\t\t\t\t\t\t\t\t\t\t\t\t<\/a>\n\t\t\t\t\t<\/div>\n\t<\/div>\n<!-- \/module icon -->\n<!-- module social share -->\n<div  class=\"module module-social-share tb_5l94884  tb_ss_size_normal tb_ss_shape_none\" data-lazy=\"1\" data-title=\"\" data-url=\"\">\n        <div class=\"module-social-share-wrapper\">\n                                            <div class=\"ss_anchor_wrap tf_inline_b\">\n                        <a href=\"#\" data-type=\"\">\n                            <em class=\"tb_social_share_icon\"><svg  aria-label=\"\" class=\"tf_fa tf-ti-\" aria-hidden=\"true\"><use href=\"#tf-ti-\"><\/use><\/svg><\/em>\n                                                    <\/a>\n                    <\/div>\n                            <\/div>\n<\/div>\n<!-- \/module social share -->\n<!-- module widget -->\n<div  class=\"module module-widget tb_fv4h217  \" data-lazy=\"1\">\n    <div class=\"widget themify-social-links\"><ul class=\"social-links horizontal\">\n                        <li class=\"social-link-item instagram font-icon icon-medium\">\n                            <a href=\"https:\/\/www.instagram.com\/labriqueroseformations\/\" aria-label=\"instagram\" ><em style=\"color:rgba(255, 255, 255, 1);\"><svg  aria-label=\"Instagram\" class=\"tf_fa tf-ti-instagram\" role=\"img\"><use href=\"#tf-ti-instagram\"><\/use><\/svg><\/em>  Instagram<\/a>\n                        <\/li>\n                        <!-- \/themify-link-item -->\n                        <li class=\"social-link-item linkedin font-icon icon-medium\">\n                            <a href=\"https:\/\/www.linkedin.com\/company\/28554500\" aria-label=\"linkedin\" ><em style=\"color:rgba(255, 255, 255, 1);\"><svg  aria-label=\"LinkedIn\" class=\"tf_fa tf-ti-linkedin\" role=\"img\"><use href=\"#tf-ti-linkedin\"><\/use><\/svg><\/em>  LinkedIn<\/a>\n                        <\/li>\n                        <!-- \/themify-link-item --><\/ul><\/div><\/div>\n<!-- \/module widget -->\n        <\/div>\n                    <\/div>\n                <\/div>\n                    <div  data-lazy=\"1\" class=\"module_column tb-column col4-2 tb_ecmd809 last\">\n                            <div  data-lazy=\"1\" class=\"module_subrow themify_builder_sub_row tf_w col_align_top tb_col_count_1 tb_lx4f929\">\n                <div  data-lazy=\"1\" class=\"module_column sub_column col-full tb_mt27930 first\">\n                    <!-- module text -->\n<div  class=\"module module-text tb_n2ad785  repeat \" data-lazy=\"1\">\n        <div  class=\"tb_text_wrap\">\n        \n<div class=\"wpcf7 no-js\" id=\"wpcf7-f3611-o1\" lang=\"fr-FR\" dir=\"ltr\">\n<div class=\"screen-reader-response\"><p role=\"status\" aria-live=\"polite\" aria-atomic=\"true\"><\/p> <ul><\/ul><\/div>\n<form action=\"\/elbr\/wp-json\/wp\/v2\/pages\/28#wpcf7-f3611-o1\" method=\"post\" class=\"wpcf7-form init\" aria-label=\"Formulaire de contact\" novalidate=\"novalidate\" data-status=\"init\">\n<div style=\"display: none;\">\n<input type=\"hidden\" name=\"_wpcf7\" value=\"3611\" \/>\n<input type=\"hidden\" name=\"_wpcf7_version\" value=\"5.7.5.1\" \/>\n<input type=\"hidden\" name=\"_wpcf7_locale\" value=\"fr_FR\" \/>\n<input type=\"hidden\" name=\"_wpcf7_unit_tag\" value=\"wpcf7-f3611-o1\" \/>\n<input type=\"hidden\" name=\"_wpcf7_container_post\" value=\"0\" \/>\n<input type=\"hidden\" name=\"_wpcf7_posted_data_hash\" value=\"\" \/>\n<\/div>\n<p><label> Votre nom<br \/>\n<span class=\"wpcf7-form-control-wrap\" data-name=\"your-name\"><input size=\"40\" class=\"wpcf7-form-control wpcf7-text wpcf7-validates-as-required\" aria-required=\"true\" aria-invalid=\"false\" value=\"\" type=\"text\" name=\"your-name\" \/><\/span> <\/label>\n<\/p>\n<p><label> Votre e-mail<br \/>\n<span class=\"wpcf7-form-control-wrap\" data-name=\"your-email\"><input size=\"40\" class=\"wpcf7-form-control wpcf7-text wpcf7-email wpcf7-validates-as-required wpcf7-validates-as-email\" aria-required=\"true\" aria-invalid=\"false\" value=\"\" type=\"email\" name=\"your-email\" \/><\/span> <\/label>\n<\/p>\n<p><label> Objet<br \/>\n<span class=\"wpcf7-form-control-wrap\" data-name=\"your-subject\"><input size=\"40\" class=\"wpcf7-form-control wpcf7-text wpcf7-validates-as-required\" aria-required=\"true\" aria-invalid=\"false\" value=\"\" type=\"text\" name=\"your-subject\" \/><\/span> <\/label>\n<\/p>\n<p><label> Organisme financeur (si prise en charge de financement) (facultatif)<br \/>\n<span class=\"wpcf7-form-control-wrap\" data-name=\"text-964\"><input size=\"40\" class=\"wpcf7-form-control wpcf7-text\" aria-invalid=\"false\" value=\"\" type=\"text\" name=\"text-964\" \/><\/span><\/label>\n<\/p>\n<p><label> Vous \u00eates :<br \/>\n<span class=\"wpcf7-form-control-wrap\" data-name=\"menu-236\"><select class=\"wpcf7-form-control wpcf7-select\" aria-invalid=\"false\" name=\"menu-236\"><option value=\"\">&#8212;Veuillez choisir une option&#8212;<\/option><option value=\"Salari\u00e9\">Salari\u00e9<\/option><option value=\"Ind\u00e9pendant\">Ind\u00e9pendant<\/option><option value=\"Particulier\">Particulier<\/option><\/select><\/span><\/label>\n<\/p>\n<p><label> Votre message (facultatif)<br \/>\n<span class=\"wpcf7-form-control-wrap\" data-name=\"your-message\"><textarea cols=\"40\" rows=\"10\" class=\"wpcf7-form-control wpcf7-textarea\" aria-invalid=\"false\" name=\"your-message\"><\/textarea><\/span> <\/label>\n<\/p>\n<p><span class=\"wpcf7-form-control-wrap\" data-name=\"acceptance-400\"><span class=\"wpcf7-form-control wpcf7-acceptance optional\"><span class=\"wpcf7-list-item\"><label><input type=\"checkbox\" name=\"acceptance-400\" value=\"1\" aria-invalid=\"false\" \/><span class=\"wpcf7-list-item-label\">J'autorise l'utilisation de mes donn\u00e9es personnelles pour m'envoyer une r\u00e9ponse par mail<\/span><\/label><\/span><\/span><\/span>\n<\/p>\n<p><input class=\"wpcf7-form-control has-spinner wpcf7-submit\" type=\"submit\" value=\"Envoyer\" \/>\n<\/p><div class=\"wpcf7-response-output\" aria-hidden=\"true\"><\/div>\n<\/form>\n<\/div>\n    <\/div>\n<\/div>\n<!-- \/module text -->        <\/div>\n                    <\/div>\n                <\/div>\n                        <\/div>\n        <\/div>\n                        <div  data-css_id=\"c33g847\" data-lazy=\"1\" class=\"module_row themify_builder_row fullwidth tb_c33g847 tf_w\">\n                        <div class=\"row_inner col_align_top tb_col_count_1 tf_box tf_rel\">\n                        <div  data-lazy=\"1\" class=\"module_column tb-column col-full tb_bg40849 first\">\n                            <div  data-lazy=\"1\" class=\"module_subrow themify_builder_sub_row tf_w col_align_top tb_col_count_1 tb_qxj7489\">\n                <div  data-lazy=\"1\" class=\"module_column sub_column col-full tb_vszd492 first\">\n                            <\/div>\n                    <\/div>\n        <!-- module text -->\n<div  class=\"module module-text tb_mhgp128  repeat \" data-lazy=\"1\">\n        <div  class=\"tb_text_wrap\">\n        <h3>Nous contacter<\/h3>    <\/div>\n<\/div>\n<!-- \/module text -->        <\/div>\n                        <\/div>\n        <\/div>\n        <\/div>\n<!--\/themify_builder_content-->\n\n\n<p><\/p>","protected":false},"excerpt":{"rendered":"<p>Nous contacter Un renseignement ? Une demande de financement ? Contactez-nous maintenant ! Vous avez besoin d\u2019aide pour vous inscrire \u00e0 notre elearning\u00a0 ou d\u2019informations compl\u00e9mentaires sur le financement de la formation ? N\u2019h\u00e9sitez pas \u00e0 nous contacter, nous sommes \u00e0 votre disposition pour vous accompagner dans vos d\u00e9marches. Remplissez le formulaire nous nous engageons [&hellip;]<\/p>\n","protected":false},"author":1,"featured_media":0,"parent":0,"menu_order":0,"comment_status":"closed","ping_status":"closed","template":"","meta":{"footnotes":""},"class_list":["post-28","page","type-page","status-publish","hentry","has-post-title","has-post-date","has-post-category","has-post-tag","has-post-comment","has-post-author",""],"builder_content":"<h3>Nous contacter<\/h3>\n<h4 id=\"tw-target-text\" dir=\"ltr\" data-placeholder=\"Traduction\">Un renseignement ? Une demande de financement ? Contactez-nous maintenant !<\/h4> <p dir=\"ltr\" data-placeholder=\"Traduction\">Vous avez besoin d\u2019aide pour vous inscrire \u00e0 notre elearning\u00a0 ou d\u2019informations compl\u00e9mentaires sur le financement de la formation ? N\u2019h\u00e9sitez pas \u00e0 nous contacter, nous sommes \u00e0 votre disposition pour vous accompagner dans vos d\u00e9marches.<\/p>\n<p>Remplissez le formulaire nous nous engageons \u00e0 vous r\u00e9pondre dans les plus brefs d\u00e9lais.<\/p>\n<a href=\"mailto:ihello@labriquerose.com\"> <em ><svg aria-hidden=\"true\"><use href=\"#tf-far-envelope\"><\/use><\/svg><\/em> hello@labriquerose.com <\/a>\n<a href=\"#\" data-type=\"\"> <em><svg aria-label=\"\" aria-hidden=\"true\"><use href=\"#tf-ti-\"><\/use><\/svg><\/em> <\/a>\n<ul><li><a href=\"https:\/\/www.instagram.com\/labriqueroseformations\/\">Instagram<\/a><\/li><li><a href=\"https:\/\/www.linkedin.com\/company\/28554500\">LinkedIn<\/a><\/li><\/ul>\n<p>[contact-form-7 id=\"3611\" title=\"Formulaire de contact 1\"]<\/p>\n<h3>Nous contacter<\/h3>","_links":{"self":[{"href":"https:\/\/www.labriquerose.com\/elbr\/wp-json\/wp\/v2\/pages\/28","targetHints":{"allow":["GET"]}}],"collection":[{"href":"https:\/\/www.labriquerose.com\/elbr\/wp-json\/wp\/v2\/pages"}],"about":[{"href":"https:\/\/www.labriquerose.com\/elbr\/wp-json\/wp\/v2\/types\/page"}],"author":[{"embeddable":true,"href":"https:\/\/www.labriquerose.com\/elbr\/wp-json\/wp\/v2\/users\/1"}],"replies":[{"embeddable":true,"href":"https:\/\/www.labriquerose.com\/elbr\/wp-json\/wp\/v2\/comments?post=28"}],"version-history":[{"count":24,"href":"https:\/\/www.labriquerose.com\/elbr\/wp-json\/wp\/v2\/pages\/28\/revisions"}],"predecessor-version":[{"id":3636,"href":"https:\/\/www.labriquerose.com\/elbr\/wp-json\/wp\/v2\/pages\/28\/revisions\/3636"}],"wp:attachment":[{"href":"https:\/\/www.labriquerose.com\/elbr\/wp-json\/wp\/v2\/media?parent=28"}],"curies":[{"name":"wp","href":"https:\/\/api.w.org\/{rel}","templated":true}]}}